{"id":662,"date":"2019-05-05T22:08:21","date_gmt":"2019-05-05T22:08:21","guid":{"rendered":"https:\/\/landofhope.org\/weblog\/?page_id=662"},"modified":"2020-04-22T18:34:44","modified_gmt":"2020-04-22T18:34:44","slug":"etiopia","status":"publish","type":"page","link":"https:\/\/www.landofhope.org\/weblog\/nuestros-proyectos-2\/etiopia\/","title":{"rendered":"ETIOP\u00cdA"},"content":{"rendered":"\n<h2 class=\"wp-block-heading\"><strong>Hospital en Gambo<\/strong><\/h2>\n\n\n\n<h5 class=\"wp-block-heading\">Con el cual pretendemos mejorar la salud en la poblaci\u00f3n menor de 5 a\u00f1os a trav\u00e9s de la formaci\u00f3n de una red de asistencia primaria liderada por mujeres en la regi\u00f3n rural de Gambo, Etiop\u00eda.<br><br>M\u00e1s datos del proyecto en este enlace: <a href=\"https:\/\/landofhope.org\/weblog\/wp-content\/uploads\/2019\/10\/Fondo.Escritorio.jpg\" target=\"_blank\" rel=\"noreferrer noopener\" aria-label=\" (opens in a new tab)\">Hospital en Gambo<\/a><\/h5>\n\n\n\n<p><\/p>\n","protected":false},"excerpt":{"rendered":"<p>Hospital en Gambo Con el cual pretendemos mejorar la salud en la poblaci\u00f3n menor de 5 a\u00f1os a trav\u00e9s de la formaci\u00f3n de una red de asistencia primaria liderada por mujeres en la regi\u00f3n rural de Gambo, Etiop\u00eda. M\u00e1s datos del proyecto en este enlace: Hospital en Gambo<\/p>\n","protected":false},"author":1,"featured_media":0,"parent":251,"menu_order":0,"comment_status":"closed","ping_status":"closed","template":"","meta":{"footnotes":""},"class_list":["post-662","page","type-page","status-publish","hentry"],"jetpack_sharing_enabled":true,"jetpack-related-posts":[],"jetpack_shortlink":"https:\/\/wp.me\/PbkVhX-aG","_links":{"self":[{"href":"https:\/\/www.landofhope.org\/weblog\/wp-json\/wp\/v2\/pages\/662","targetHints":{"allow":["GET"]}}],"collection":[{"href":"https:\/\/www.landofhope.org\/weblog\/wp-json\/wp\/v2\/pages"}],"about":[{"href":"https:\/\/www.landofhope.org\/weblog\/wp-json\/wp\/v2\/types\/page"}],"author":[{"embeddable":true,"href":"https:\/\/www.landofhope.org\/weblog\/wp-json\/wp\/v2\/users\/1"}],"replies":[{"embeddable":true,"href":"https:\/\/www.landofhope.org\/weblog\/wp-json\/wp\/v2\/comments?post=662"}],"version-history":[{"count":4,"href":"https:\/\/www.landofhope.org\/weblog\/wp-json\/wp\/v2\/pages\/662\/revisions"}],"predecessor-version":[{"id":867,"href":"https:\/\/www.landofhope.org\/weblog\/wp-json\/wp\/v2\/pages\/662\/revisions\/867"}],"up":[{"embeddable":true,"href":"https:\/\/www.landofhope.org\/weblog\/wp-json\/wp\/v2\/pages\/251"}],"wp:attachment":[{"href":"https:\/\/www.landofhope.org\/weblog\/wp-json\/wp\/v2\/media?parent=662"}],"curies":[{"name":"wp","href":"https:\/\/api.w.org\/{rel}","templated":true}]}}