{"id":255,"date":"2018-05-29T15:45:06","date_gmt":"2018-05-29T15:45:06","guid":{"rendered":"https:\/\/landofhope.org\/weblog\/?page_id=255"},"modified":"2022-03-03T19:45:20","modified_gmt":"2022-03-03T19:45:20","slug":"honduras","status":"publish","type":"page","link":"https:\/\/www.landofhope.org\/weblog\/nuestros-proyectos-2\/honduras\/","title":{"rendered":"HONDURAS"},"content":{"rendered":"<h2>\u00a0<\/h2>\n<h2>\u00a0<\/h2>\n<h2><strong>PROYECTO \u00abCASAS\u00bb<\/strong><\/h2>\n<h5>En 2016 y 2017, junto con la FMVD en la Aldea de Suyapa, Sector Sina\u00ed de la ciudad de Tegucigalpa (Honduras), estuvimos apoyando y supervisando algunos proyectos de construcciones de casas donde la gente pudiera tener un lugar donde vivir dignamente. A continuaci\u00f3n adjuntamos dos de las viviendas construidas para este proyecto. La casa de la <span style=\"color: #ff0000;\"><a style=\"color: #ff0000;\" href=\"https:\/\/landofhope.org\/weblog\/wp-content\/uploads\/2019\/10\/Fondo.Escritorio.jpg\" target=\"_blank\" rel=\"noopener noreferrer\">Familia de Jos\u00e9 y Sandra<\/a><\/span>, y la <span style=\"color: #ff0000;\"><a style=\"color: #ff0000;\" href=\"https:\/\/landofhope.org\/weblog\/wp-content\/uploads\/2019\/10\/Fondo.Escritorio.jpg\" target=\"_blank\" rel=\"noopener noreferrer\"><span style=\"color: #000000;\">casa de la<\/span> Familia de Gladis<\/a><\/span>.<\/h5>\n<p>\u00a0<\/p>\n<h2><strong>PROYECTO \u00abCASAS VIVERO\u00bb<\/strong><\/h2>\n<h5>El 21 de marzo de 2017, junto con la ONGd \u00ab<a href=\"http:\/\/ibarratik.org\/\" target=\"_blank\" rel=\"noopener noreferrer\">Ibarratik Misio Taldea\u00bb<\/a>, presentamos al Gobierno Vasco el Proyecto \u00ab<span style=\"color: #ff0000;\"><a style=\"color: #ff0000;\" href=\"https:\/\/landofhope.org\/weblog\/wp-content\/uploads\/2019\/10\/Fondo.Escritorio.jpg\" target=\"_blank\" rel=\"noopener noreferrer\">Casas Vivero<\/a><\/span>\u00bb\u00a0 El cual pretende convertirse en un modelo de desarrollo comunitario mediante la construcci\u00f3n de viviendas con proyectos de agricultura sostenible cooperativos.<\/h5>\n<p>\u00a0<\/p>\n<h2><strong>PROYECTO \u00abESCUELAS PARA LA PAZ &#8211; CENTRO \u2018EL REDENTOR\u2019\u00bb<\/strong><\/h2>\n<h5>Piloto del Proyecto \u00abEscuelas para la Paz\u00bb en Honduras. Pilar fundamental de nuestra ONGd, la cual apuesta por una Educaci\u00f3n en Valores que nos haga m\u00e1s humanos. Actualmente dicho proyecto se encuentra en desarrollo, pero quisimos poner nuestra primera piedra en este centro. Visto que su director contact\u00f3 con nosotros directamente para solicitarnos ayuda en la mejora de las instalaciones de su <a href=\"https:\/\/landofhope.org\/weblog\/wp-content\/uploads\/2019\/10\/Fondo.Escritorio.jpg\" target=\"_blank\" rel=\"noopener noreferrer\"><span style=\"color: #ff0000;\">Centro Educativo<\/span> ubicado en Juticalpa (Olancho, Honduras).<\/a><\/h5>\n<h2>\u00a0<\/h2>\n<h2><strong>PROYECTO \u00abESCUELAS PARA LA PAZ\u00bb\u00a0<br \/>Primera Fase &#8211; Programa de Formaci\u00f3n Humana<\/strong><\/h2>\n<h5>Primera fase del Proyecto \u00abEscuelas para la Paz\u00bb, en Tegucigalpa (Honduras). Pilar fundamental de nuestra ONGd, la cual apuesta por una Educaci\u00f3n en Valores que nos haga m\u00e1s humanos. Nuestra intenci\u00f3n es la de formar al profesorado para que pueda formar a sus alumnos en valores, de una manera adecuada, en visi\u00f3n a lo propuesto en metodolog\u00edas propias y de otros autores.<br \/>Enlace a: <a href=\"https:\/\/landofhope.org\/weblog\/wp-content\/uploads\/2019\/10\/Fondo.Escritorio.jpg\" target=\"_blank\" rel=\"noopener noreferrer\">\u00abPROYECTO \u00abESCUELAS PARA LA PAZ\u00bb &#8211; \u00a0<span style=\"color: #ff0000;\">Programa de Formaci\u00f3n Humana. Por una escuela que eduque en Valores de Solidaridad, Paz y Fraternidad<span style=\"color: #000000;\">.\u00bb<\/span><\/span><\/a><\/h5>\n<p>Firma del Convenio con el CEB de \u00abEl Chimbo\u00bb: <span style=\"color: #ff0000;\"><a style=\"color: #ff0000;\" href=\"https:\/\/landofhope.org\/weblog\/wp-content\/uploads\/2019\/10\/Fondo.Escritorio.jpg\" target=\"_blank\" rel=\"noopener noreferrer\">enlace del documento aqu\u00ed<\/a><\/span><br \/>Firma del Convenio con la Fundaci\u00f3n TAULAR: <span style=\"color: #ff0000;\"><a style=\"color: #ff0000;\" href=\"https:\/\/landofhope.org\/weblog\/wp-content\/uploads\/2019\/10\/Fondo.Escritorio.jpg\" target=\"_blank\" rel=\"noopener noreferrer\">enlace del documento aqu\u00ed<\/a><\/span><\/p>\n<p>M\u00e1s info: <a href=\"https:\/\/landofhope.org\/weblog\/wp-content\/uploads\/2019\/10\/Fondo.Escritorio.jpg\" target=\"_blank\" rel=\"noopener noreferrer\">\u00abPrograma piloto del 2017\u00bb<\/a><\/p>\n<p>\u00a0<\/p>\n<h2><strong>PROYECTO \u00abESCUELAS PARA LA PAZ\u00bb\u00a0<br \/>Escuela \u00abJos\u00e9 Trinidad Caba\u00f1as N\u00ba2\u00bb<\/strong><\/h2>\n<h5>#20190510 &#8211; Actualmente, el Centro de Ense\u00f1anza B\u00e1sica \u201cJos\u00e9 Trinidad Caba\u00f1as N\u00b02\u201d de la colonia Ciudad Guzm\u00e1n, en Tegucigalpa (Honduras). Presta sus funciones educativas en el centro comunal de la misma colonia, ya que no cuenta con instalaciones propias.<\/h5>\n<h5>Nuestro prop\u00f3sito, el de la FUNDACI\u00d3N CHITO Y NENA KAFIE y LAND OF HOPE &#8211; HONDURAS, es el de construir un centro donde poder ubicar todos estos grados. Construirles espacios para que todos estos ni\u00f1os, ni\u00f1as y adolescentes puedan acceder a una educaci\u00f3n de calidad basada en valores que nos hagan m\u00e1s humanos.<\/h5>\n<h5>M\u00e1s informaci\u00f3n en este enlace:\u00a0<span style=\"color: #ff0000;\"><a style=\"color: #ff0000;\" href=\"https:\/\/landofhope.org\/weblog\/wp-content\/uploads\/2019\/10\/Fondo.Escritorio.jpg\" target=\"_blank\" rel=\"noopener noreferrer\">Centro de Ense\u00f1anza B\u00e1sica \u201cJos\u00e9 Trinidad Caba\u00f1as N\u00b02\u201d<\/a><\/span><\/h5>\n<p>\u00a0<\/p>\n<p style=\"text-align: center;\">Nota: Pulsa sobre los textos resaltados en ROJO para acceder a la informaci\u00f3n completa de los Proyectos.<\/p>\n<p>\u00a0<\/p>\n\n\n<p><\/p>\n","protected":false},"excerpt":{"rendered":"<p>\u00a0 \u00a0 PROYECTO \u00abCASAS\u00bb En 2016 y 2017, junto con la FMVD en la Aldea de Suyapa, Sector Sina\u00ed de la ciudad de Tegucigalpa (Honduras), estuvimos apoyando y supervisando algunos proyectos de construcciones de casas donde la gente pudiera tener un lugar donde vivir dignamente. A continuaci\u00f3n adjuntamos dos de las viviendas construidas para este [&hellip;]<\/p>\n","protected":false},"author":1,"featured_media":0,"parent":251,"menu_order":0,"comment_status":"closed","ping_status":"closed","template":"","meta":{"footnotes":""},"class_list":["post-255","page","type-page","status-publish","hentry"],"jetpack_sharing_enabled":true,"jetpack-related-posts":[],"jetpack_shortlink":"https:\/\/wp.me\/PbkVhX-47","_links":{"self":[{"href":"https:\/\/www.landofhope.org\/weblog\/wp-json\/wp\/v2\/pages\/255","targetHints":{"allow":["GET"]}}],"collection":[{"href":"https:\/\/www.landofhope.org\/weblog\/wp-json\/wp\/v2\/pages"}],"about":[{"href":"https:\/\/www.landofhope.org\/weblog\/wp-json\/wp\/v2\/types\/page"}],"author":[{"embeddable":true,"href":"https:\/\/www.landofhope.org\/weblog\/wp-json\/wp\/v2\/users\/1"}],"replies":[{"embeddable":true,"href":"https:\/\/www.landofhope.org\/weblog\/wp-json\/wp\/v2\/comments?post=255"}],"version-history":[{"count":43,"href":"https:\/\/www.landofhope.org\/weblog\/wp-json\/wp\/v2\/pages\/255\/revisions"}],"predecessor-version":[{"id":1158,"href":"https:\/\/www.landofhope.org\/weblog\/wp-json\/wp\/v2\/pages\/255\/revisions\/1158"}],"up":[{"embeddable":true,"href":"https:\/\/www.landofhope.org\/weblog\/wp-json\/wp\/v2\/pages\/251"}],"wp:attachment":[{"href":"https:\/\/www.landofhope.org\/weblog\/wp-json\/wp\/v2\/media?parent=255"}],"curies":[{"name":"wp","href":"https:\/\/api.w.org\/{rel}","templated":true}]}}