{"id":124,"date":"2016-12-07T17:20:52","date_gmt":"2016-12-07T17:20:52","guid":{"rendered":"https:\/\/landofhope.org\/weblog\/?page_id=124"},"modified":"2020-04-22T18:34:44","modified_gmt":"2020-04-22T18:34:44","slug":"amplitud-y-limites-del-compromiso-social","status":"publish","type":"page","link":"https:\/\/www.landofhope.org\/weblog\/land-of-hope-project\/amplitud-y-limites-del-compromiso-social\/","title":{"rendered":"AMPLITUD Y L\u00cdMITES DEL COMPROMISO SOCIAL"},"content":{"rendered":"<h4><strong>Amplitud y L\u00edmites del Compromiso Social de TIERRA DE ESPERANZA (LAND OF HOPE)<br \/>\n<\/strong><strong>\u00a0<\/strong><\/h4>\n<h5>La Junta Directiva, en su reuni\u00f3n del 29 de Julio de 2017, adopt\u00f3 por unanimidad el texto siguiente:<\/h5>\n<h5>I. La Junta Directiva de TIERRA DE ESPERANZA (LAND OF HOPE), despu\u00e9s de haber debatido a las diferentes realidades que conoce, expone que:<strong>\u00a0<\/strong><\/h5>\n<ol>\n<li>\n<h5>Dado que los integrantes de TIERRA DE ESPERANZA (LAND OF HOPE) se sienten moralmente obligados a manifestar su \u00abcompromiso\u00bb con los estratos o grupos sociales que son considerados \u2013con raz\u00f3n- como pobres, excluidos, oprimidos, o incluso como \u00ablos que m\u00e1s sufren\u00bb en la sociedad;<\/h5>\n<\/li>\n<\/ol>\n<ol start=\"2\">\n<li>\n<h5>Dado que, en circunstancias determinadas, las reclamaciones de los sectores en cuesti\u00f3n, al exigir la satisfacci\u00f3n de unas aspiraciones y necesidades precisas (acceso a la educaci\u00f3n, protecci\u00f3n de la familia y la infancia, defensa de la Vida\u2026);<\/h5>\n<\/li>\n<\/ol>\n<ol start=\"3\">\n<li>\n<h5>Dado que el objetivo que pretende TIERRA DE ESPERANZA (LAND OF HOPE), de \u00abdespertar conciencia\u00bb, consiste en suscitar al mismo tiempo, en el ambiente de los pa\u00edses, mal llamados \u00abdesarrollados\u00bb, el sentido de su deber, de comprometerse en el desarrollo integral de los miembros m\u00e1s desfavorecidos de la sociedad (en su conjunto global).<\/h5>\n<\/li>\n<\/ol>\n<h5><\/h5>\n<h5>II. La Junta Directiva de TIERRA DE ESPERANZA (LAND OF HOPE), despu\u00e9s de haber deliberado, juzga oportuno aportar a este respecto las decisiones siguientes:<\/h5>\n<ol>\n<li>\n<h5>TIERRA DE ESPERANZA (LAND OF HOPE), en su calidad de Organizaci\u00f3n Internacional Sin \u00c1nimo de Lucro, est\u00e1 comprometida con los m\u00e1s d\u00e9biles; su misi\u00f3n no solamente consiste en socorrerlos en casos de urgencia, sino ser los posibilitadores de que escuchen \u00absu propia voz\u00bb.<\/h5>\n<\/li>\n<\/ol>\n<ol start=\"2\">\n<li>\n<h5>Corresponde a cada comunidad de TIERRA DE ESPERANZA (LAND OF HOPE), seg\u00fan sus realidades locales, determinar la manera y oportunidad de establecer la amplitud y los l\u00edmites de este compromiso.<strong>\u00a0<\/strong><\/h5>\n<\/li>\n<\/ol>\n<ol start=\"3\">\n<li>\n<h5>Est\u00e1 en la l\u00ednea de TIERRA DE ESPERANZA (LAND OF HOPE), la Defensa de la Infancia, la Defensa de la Vida y la instituci\u00f3n de Valores Humanos en la Familia, bajo un paradigma de vida cristiano, y enmarcados en una cultura de Paz, Amor y Esperanza.<\/h5>\n<\/li>\n<\/ol>\n","protected":false},"excerpt":{"rendered":"<p>Amplitud y L\u00edmites del Compromiso Social de TIERRA DE ESPERANZA (LAND OF HOPE) \u00a0 La Junta Directiva, en su reuni\u00f3n del 29 de Julio de 2017, adopt\u00f3 por unanimidad el texto siguiente: I. La Junta Directiva de TIERRA DE ESPERANZA (LAND OF HOPE), despu\u00e9s de haber debatido a las diferentes realidades que conoce, expone que:\u00a0 [&hellip;]<\/p>\n","protected":false},"author":1,"featured_media":0,"parent":122,"menu_order":0,"comment_status":"closed","ping_status":"closed","template":"","meta":{"footnotes":""},"class_list":["post-124","page","type-page","status-publish","hentry"],"jetpack_sharing_enabled":true,"jetpack-related-posts":[],"jetpack_shortlink":"https:\/\/wp.me\/PbkVhX-20","_links":{"self":[{"href":"https:\/\/www.landofhope.org\/weblog\/wp-json\/wp\/v2\/pages\/124","targetHints":{"allow":["GET"]}}],"collection":[{"href":"https:\/\/www.landofhope.org\/weblog\/wp-json\/wp\/v2\/pages"}],"about":[{"href":"https:\/\/www.landofhope.org\/weblog\/wp-json\/wp\/v2\/types\/page"}],"author":[{"embeddable":true,"href":"https:\/\/www.landofhope.org\/weblog\/wp-json\/wp\/v2\/users\/1"}],"replies":[{"embeddable":true,"href":"https:\/\/www.landofhope.org\/weblog\/wp-json\/wp\/v2\/comments?post=124"}],"version-history":[{"count":4,"href":"https:\/\/www.landofhope.org\/weblog\/wp-json\/wp\/v2\/pages\/124\/revisions"}],"predecessor-version":[{"id":625,"href":"https:\/\/www.landofhope.org\/weblog\/wp-json\/wp\/v2\/pages\/124\/revisions\/625"}],"up":[{"embeddable":true,"href":"https:\/\/www.landofhope.org\/weblog\/wp-json\/wp\/v2\/pages\/122"}],"wp:attachment":[{"href":"https:\/\/www.landofhope.org\/weblog\/wp-json\/wp\/v2\/media?parent=124"}],"curies":[{"name":"wp","href":"https:\/\/api.w.org\/{rel}","templated":true}]}}