{"id":122,"date":"2018-03-14T17:20:07","date_gmt":"2018-03-14T17:20:07","guid":{"rendered":"https:\/\/landofhope.org\/weblog\/?page_id=122"},"modified":"2020-04-22T18:34:44","modified_gmt":"2020-04-22T18:34:44","slug":"land-of-hope-project","status":"publish","type":"page","link":"https:\/\/www.landofhope.org\/weblog\/","title":{"rendered":"LAND OF HOPE &#8211; PROJECT"},"content":{"rendered":"<h5>Como <strong>objetivo<\/strong>, dar lo que se nos dio e intentar ayudar a quien m\u00e1s lo necesita con nuestro trabajo, enmarcados dentro del campo de la <strong>educaci\u00f3n en valores<\/strong>. <strong>Valores<\/strong> que nos hagan m\u00e1s <strong>humanos<\/strong>.<\/h5>\n<h5>Creemos en la idea de una <strong>educaci\u00f3n<\/strong> basada en lo <strong>emocional<\/strong>, en una educaci\u00f3n <strong>participativa<\/strong>. Dando sin esperar nada a cambio.\u00a0En definitiva, pretendemos participar activamente en el proceso educativo, emocional y Humano de todas las comunidades educativas, all\u00e1 donde nos encontremos. En pro de una mejora en la educaci\u00f3n, no solamente en el \u00e1mbito acad\u00e9mico, sino m\u00e1s bien en el \u00e1mbito emocional.<\/h5>\n<h5>Ese es el objetivo que tenemos en \u201cProyecto &#8211; Tierra de Esperanza\u201d <a href=\"http:\/\/www.landofhope.org\/\" target=\"\" rel=\"nofollow noopener noreferrer\">www.landofhope.org<\/a> . El dar a conocer realidades distintas a las nuestras, las cuales nos interpelen y nos hagan despertar de nuestro letargo. Y con nuestra labor poder ayudar a hacer de este mundo un mundo mejor y m\u00e1s justo.<\/h5>\n<h5><\/h5>\n<h5>As an <strong>objective<\/strong>, give what was given to us have to try to help those most in need with our work, framed within the field of <strong>education in values<\/strong> that make us more <strong>human<\/strong><span class=\"text_exposed_show\">.\u00a0<\/span><\/h5>\n<h5>We believe in the idea of an <strong>education<\/strong> based on the <strong>emotional<\/strong>, in a <strong>participatory<\/strong> education. Giving without expecting anything in return.\u00a0In short, we intend to participate actively in the educational, emotional and human process of all educational communities, wherever we are. In favor of an improvement in education, not only in the academic field, but rather in the emotional sphere.<\/h5>\n<h5><span class=\"text_exposed_show\">That is the goal we have in \u00abProject &#8211; Land of Hope\u00bb <a href=\"http:\/\/l.facebook.com\/l.php?u=http%3A%2F%2Fwww.landofhope.org%2F&amp;h=-AQHKx6mk&amp;s=1\" target=\"\" rel=\"nofollow noopener noreferrer\">www.landofhope.org<\/a>, raise awareness the different realities to ours, which they question us and make us wake up from our slumber. And our work to help make this world a better world.<\/span><\/h5>\n","protected":false},"excerpt":{"rendered":"<p>Como objetivo, dar lo que se nos dio e intentar ayudar a quien m\u00e1s lo necesita con nuestro trabajo, enmarcados dentro del campo de la educaci\u00f3n en valores. Valores que nos hagan m\u00e1s humanos. Creemos en la idea de una educaci\u00f3n basada en lo emocional, en una educaci\u00f3n participativa. Dando sin esperar nada a cambio.\u00a0En [&hellip;]<\/p>\n","protected":false},"author":1,"featured_media":180,"parent":0,"menu_order":0,"comment_status":"closed","ping_status":"closed","template":"","meta":{"footnotes":""},"class_list":["post-122","page","type-page","status-publish","has-post-thumbnail","hentry"],"jetpack_sharing_enabled":true,"jetpack-related-posts":[],"jetpack_shortlink":"https:\/\/wp.me\/PbkVhX-1Y","_links":{"self":[{"href":"https:\/\/www.landofhope.org\/weblog\/wp-json\/wp\/v2\/pages\/122","targetHints":{"allow":["GET"]}}],"collection":[{"href":"https:\/\/www.landofhope.org\/weblog\/wp-json\/wp\/v2\/pages"}],"about":[{"href":"https:\/\/www.landofhope.org\/weblog\/wp-json\/wp\/v2\/types\/page"}],"author":[{"embeddable":true,"href":"https:\/\/www.landofhope.org\/weblog\/wp-json\/wp\/v2\/users\/1"}],"replies":[{"embeddable":true,"href":"https:\/\/www.landofhope.org\/weblog\/wp-json\/wp\/v2\/comments?post=122"}],"version-history":[{"count":4,"href":"https:\/\/www.landofhope.org\/weblog\/wp-json\/wp\/v2\/pages\/122\/revisions"}],"predecessor-version":[{"id":620,"href":"https:\/\/www.landofhope.org\/weblog\/wp-json\/wp\/v2\/pages\/122\/revisions\/620"}],"wp:featuredmedia":[{"embeddable":true,"href":"https:\/\/www.landofhope.org\/weblog\/wp-json\/wp\/v2\/media\/180"}],"wp:attachment":[{"href":"https:\/\/www.landofhope.org\/weblog\/wp-json\/wp\/v2\/media?parent=122"}],"curies":[{"name":"wp","href":"https:\/\/api.w.org\/{rel}","templated":true}]}}